{"id":236,"date":"2024-11-16T20:50:50","date_gmt":"2024-11-16T19:50:50","guid":{"rendered":"https:\/\/chamottees.fr\/?page_id=236"},"modified":"2024-11-16T20:57:02","modified_gmt":"2024-11-16T19:57:02","slug":"adhesion-4","status":"publish","type":"page","link":"https:\/\/chamottees.fr\/index.php\/adhesion-4\/","title":{"rendered":"Adh\u00e9sion"},"content":{"rendered":"\n<p>L\u2019association est ouverte aux professionnel-les des m\u00e9tiers de la c\u00e9ramique, dont la candidature doit \u00eatre valid\u00e9e \u00e0 l\u2019unanimit\u00e9 par les membres du bureau.<\/p>\n\n\n\n<p>Le montant de la cotisation annuelle est fix\u00e9e \u00e0 30\u20ac.<\/p>\n\n\n\n<p>L\u2019adh\u00e9sion donne droit \u00e0 la location du local de l\u2019association \u00e0 un tarif pr\u00e9f\u00e9rentiel, et la mutualisation des savoirs et savoir-faire \u00e0 travers l\u2019organisation de masterclasses et autres \u00e9v\u00e8nements visant \u00e0 promouvoir l\u2019artisanat et la c\u00e9ramique.<\/p>\n\n\n\n<p>Pour toute information compl\u00e9mentaire, merci de nous \u00e9crire \u00e0&nbsp;<a href=\"mailto:contact@chamottees.fr\">contact@chamottees.fr<\/a><\/p>\n","protected":false},"excerpt":{"rendered":"<p>L\u2019association est ouverte aux professionnel-les des m\u00e9tiers de la c\u00e9ramique, dont la candidature doit \u00eatre valid\u00e9e \u00e0 l\u2019unanimit\u00e9 par les membres du bureau. Le montant de la cotisation annuelle est fix\u00e9e \u00e0 30\u20ac. L\u2019adh\u00e9sion donne droit \u00e0 la location du local de l\u2019association \u00e0 un tarif pr\u00e9f\u00e9rentiel, et la mutualisation des savoirs et savoir-faire \u00e0 &hellip; <\/p>\n<p class=\"link-more\"><a href=\"https:\/\/chamottees.fr\/index.php\/adhesion-4\/\" class=\"more-link\">Continuer la lecture<span class=\"screen-reader-text\"> de &laquo;&nbsp;Adh\u00e9sion&nbsp;&raquo;<\/span><\/a><\/p>\n","protected":false},"author":1,"featured_media":0,"parent":0,"menu_order":0,"comment_status":"closed","ping_status":"closed","template":"","meta":{"footnotes":""},"class_list":["post-236","page","type-page","status-publish","hentry"],"_links":{"self":[{"href":"https:\/\/chamottees.fr\/index.php\/wp-json\/wp\/v2\/pages\/236","targetHints":{"allow":["GET"]}}],"collection":[{"href":"https:\/\/chamottees.fr\/index.php\/wp-json\/wp\/v2\/pages"}],"about":[{"href":"https:\/\/chamottees.fr\/index.php\/wp-json\/wp\/v2\/types\/page"}],"author":[{"embeddable":true,"href":"https:\/\/chamottees.fr\/index.php\/wp-json\/wp\/v2\/users\/1"}],"replies":[{"embeddable":true,"href":"https:\/\/chamottees.fr\/index.php\/wp-json\/wp\/v2\/comments?post=236"}],"version-history":[{"count":2,"href":"https:\/\/chamottees.fr\/index.php\/wp-json\/wp\/v2\/pages\/236\/revisions"}],"predecessor-version":[{"id":243,"href":"https:\/\/chamottees.fr\/index.php\/wp-json\/wp\/v2\/pages\/236\/revisions\/243"}],"wp:attachment":[{"href":"https:\/\/chamottees.fr\/index.php\/wp-json\/wp\/v2\/media?parent=236"}],"curies":[{"name":"wp","href":"https:\/\/api.w.org\/{rel}","templated":true}]}}