{"id":172,"date":"2024-10-29T16:33:01","date_gmt":"2024-10-29T15:33:01","guid":{"rendered":"https:\/\/chamottees.fr\/?page_id=172"},"modified":"2026-02-20T21:55:25","modified_gmt":"2026-02-20T20:55:25","slug":"accueil","status":"publish","type":"page","link":"https:\/\/chamottees.fr\/","title":{"rendered":"Accueil"},"content":{"rendered":"\n<p>Bienvenue sur le site de notre association Chamott\u00e9es !<\/p>\n\n\n\n<p><strong>Chamott\u00e9es <\/strong>est une association loi 1901 implant\u00e9e \u00e0 Chartres depuis 2024, qui a pour but d&rsquo;aider des c\u00e9ramistes professionnels qui souhaitent cr\u00e9er et d\u00e9velopper leur activit\u00e9. Son local accueille trois c\u00e9ramistes \u00e0 diff\u00e9rents stades de leur carri\u00e8re. L&rsquo;association souhaite mettre en relation des exp\u00e9riences diverses autour d&rsquo;un m\u00eame m\u00e9tier, et cr\u00e9er un p\u00f4le incontournable pour le d\u00e9veloppement de cet artisanat.<\/p>\n\n\n\n<p>Les c\u00e9ramistes proposent \u00e9galement des activit\u00e9s de d\u00e9couverte de la c\u00e9ramique pour tous publics.<\/p>\n\n\n\n<div class=\"wp-block-group alignfull has-contrast-color has-text-color is-vertical is-content-justification-center is-layout-flex wp-container-core-group-is-layout-f1198d31 wp-block-group-is-layout-flex\" style=\"min-height:40vh;margin-top:0;margin-bottom:0;padding-top:var(--wp--preset--spacing--60);padding-right:var(--wp--preset--spacing--50);padding-bottom:var(--wp--preset--spacing--60);padding-left:var(--wp--preset--spacing--50)\"><div style=\"margin-bottom:6px;\" class=\"aligncenter wp-block-site-logo\"><a href=\"https:\/\/chamottees.fr\/\" class=\"custom-logo-link\" rel=\"home\"><img loading=\"lazy\" decoding=\"async\" width=\"126\" height=\"63\" src=\"https:\/\/chamottees.fr\/wp-content\/uploads\/2024\/10\/cropped-Logo_nu-terracotta.png\" class=\"custom-logo\" alt=\"Chamott\u00e9es\" srcset=\"https:\/\/chamottees.fr\/wp-content\/uploads\/2024\/10\/cropped-Logo_nu-terracotta.png 500w, https:\/\/chamottees.fr\/wp-content\/uploads\/2024\/10\/cropped-Logo_nu-terracotta-300x150.png 300w\" sizes=\"auto, 100vw\" \/><\/a><\/div>\n\n\n<div class=\"wp-block-group\"><div class=\"wp-block-group__inner-container is-layout-constrained wp-block-group-is-layout-constrained\">\n<p><strong>22 rue d&rsquo;Ablis &#8211; 28000 Chartres<\/strong><\/p>\n\n\n\n<p class=\"has-text-align-center\"><strong>contact@chamottees.fr<\/strong><\/p>\n<\/div><\/div>\n\n\n\n<ul class=\"wp-block-social-links has-normal-icon-size is-style-logos-only is-nowrap is-layout-flex wp-container-core-social-links-is-layout-53bee8aa wp-block-social-links-is-layout-flex\"><\/ul>\n<\/div>\n\n\n\n<p><\/p>\n","protected":false},"excerpt":{"rendered":"<p>Bienvenue sur le site de notre association Chamott\u00e9es ! Chamott\u00e9es est une association loi 1901 implant\u00e9e \u00e0 Chartres depuis 2024, qui a pour but d&rsquo;aider des c\u00e9ramistes professionnels qui souhaitent cr\u00e9er et d\u00e9velopper leur activit\u00e9. Son local accueille trois c\u00e9ramistes \u00e0 diff\u00e9rents stades de leur carri\u00e8re. L&rsquo;association souhaite mettre en relation des exp\u00e9riences diverses autour &hellip; <\/p>\n<p class=\"link-more\"><a href=\"https:\/\/chamottees.fr\/\" class=\"more-link\">Continuer la lecture<span class=\"screen-reader-text\"> de &laquo;&nbsp;Accueil&nbsp;&raquo;<\/span><\/a><\/p>\n","protected":false},"author":1,"featured_media":0,"parent":0,"menu_order":0,"comment_status":"closed","ping_status":"closed","template":"","meta":{"footnotes":""},"class_list":["post-172","page","type-page","status-publish","hentry"],"_links":{"self":[{"href":"https:\/\/chamottees.fr\/index.php\/wp-json\/wp\/v2\/pages\/172","targetHints":{"allow":["GET"]}}],"collection":[{"href":"https:\/\/chamottees.fr\/index.php\/wp-json\/wp\/v2\/pages"}],"about":[{"href":"https:\/\/chamottees.fr\/index.php\/wp-json\/wp\/v2\/types\/page"}],"author":[{"embeddable":true,"href":"https:\/\/chamottees.fr\/index.php\/wp-json\/wp\/v2\/users\/1"}],"replies":[{"embeddable":true,"href":"https:\/\/chamottees.fr\/index.php\/wp-json\/wp\/v2\/comments?post=172"}],"version-history":[{"count":9,"href":"https:\/\/chamottees.fr\/index.php\/wp-json\/wp\/v2\/pages\/172\/revisions"}],"predecessor-version":[{"id":262,"href":"https:\/\/chamottees.fr\/index.php\/wp-json\/wp\/v2\/pages\/172\/revisions\/262"}],"wp:attachment":[{"href":"https:\/\/chamottees.fr\/index.php\/wp-json\/wp\/v2\/media?parent=172"}],"curies":[{"name":"wp","href":"https:\/\/api.w.org\/{rel}","templated":true}]}}