{"id":157,"date":"2024-10-29T16:08:59","date_gmt":"2024-10-29T15:08:59","guid":{"rendered":"https:\/\/chamottees.fr\/?page_id=157"},"modified":"2024-11-14T20:22:01","modified_gmt":"2024-11-14T19:22:01","slug":"les-ceramistes","status":"publish","type":"page","link":"https:\/\/chamottees.fr\/index.php\/les-ceramistes\/","title":{"rendered":"Les C\u00e9ramistes"},"content":{"rendered":"\n<figure class=\"wp-block-image size-large\"><img loading=\"lazy\" decoding=\"async\" width=\"1024\" height=\"661\" src=\"http:\/\/chamottees.fr\/wp-content\/uploads\/2024\/06\/LesChamottees-1024x661.jpg\" alt=\"\" class=\"wp-image-52\" srcset=\"https:\/\/chamottees.fr\/wp-content\/uploads\/2024\/06\/LesChamottees-1024x661.jpg 1024w, https:\/\/chamottees.fr\/wp-content\/uploads\/2024\/06\/LesChamottees-300x194.jpg 300w, https:\/\/chamottees.fr\/wp-content\/uploads\/2024\/06\/LesChamottees-768x496.jpg 768w, https:\/\/chamottees.fr\/wp-content\/uploads\/2024\/06\/LesChamottees.jpg 1501w\" sizes=\"auto, (max-width: 706px) 89vw, (max-width: 767px) 82vw, 740px\" \/><\/figure>\n\n\n\n<p><\/p>\n\n\n\n<p><\/p>\n\n\n\n<p><strong>G\u00e9raldine Rodrigues<\/strong><\/p>\n\n\n\n<p>G\u00e9raldine produit dans son atelier des pi\u00e8ces uniques en gr\u00e8s clair, en terre chamott\u00e9e, ainsi qu\u2019en porcelaine. Les arts de la table constituent sa principale source d\u2019inspiration dans cette recherche de cr\u00e9ations originales.<br><br>La d\u00e9couverte de la c\u00e9ramique en cours de loisir a \u00e9t\u00e9 d\u00e9cisive. Le travail de l\u2019argile demande une grande exigence technique et une mise en pratique d\u2019un savoir-faire qu&rsquo;elle aime d\u00e9velopper et am\u00e9liorer au quotidien.<br><br>Issue d\u2019un milieu universitaire,&nbsp;G\u00e9raldine a tout d&rsquo;abord acquis des connaissances en Histoire de l\u2019Art et du Cin\u00e9ma.&nbsp;<br><br>Une fois son enseignement termin\u00e9, elle s&rsquo;est&nbsp; tourn\u00e9e vers le monde de l\u2019exploitation cin\u00e9matographique, et ce, dans diff\u00e9rentes structures. En parall\u00e8le, G\u00e9raldine suit des cours de loisirs au sein de l&rsquo;Atelier Setsuko \u00e0 Paris pendant 2 ans, elle s&rsquo;est ensuite lanc\u00e9 dans une formation professionnelle \u00e0 l\u2019Atelier Chemin de Terre \u00e0 Montreuil.&nbsp;<\/p>\n\n\n\n<p>Retrouvez-la sur <a href=\"https:\/\/atelier-rougegorge.fr\/\">Internet<\/a>, sur <a href=\"https:\/\/www.facebook.com\/LeRougeGorge.AtelierCeramique\/?locale=fr_FR\">Facebook <\/a>et sur <a href=\"https:\/\/www.instagram.com\/lerougegorge_atelierceramique\/?hl=fr\">Instagram<\/a><\/p>\n\n\n\n<figure class=\"wp-block-gallery has-nested-images columns-default is-cropped wp-block-gallery-1 is-layout-flex wp-block-gallery-is-layout-flex\">\n<figure class=\"wp-block-image size-large\"><img loading=\"lazy\" decoding=\"async\" width=\"846\" height=\"1024\" data-id=\"190\" src=\"https:\/\/chamottees.fr\/wp-content\/uploads\/2024\/11\/portait-rectangle-846x1024.jpg\" alt=\"\" class=\"wp-image-190\" srcset=\"https:\/\/chamottees.fr\/wp-content\/uploads\/2024\/11\/portait-rectangle-846x1024.jpg 846w, https:\/\/chamottees.fr\/wp-content\/uploads\/2024\/11\/portait-rectangle-248x300.jpg 248w, https:\/\/chamottees.fr\/wp-content\/uploads\/2024\/11\/portait-rectangle-768x929.jpg 768w, https:\/\/chamottees.fr\/wp-content\/uploads\/2024\/11\/portait-rectangle-1269x1536.jpg 1269w, https:\/\/chamottees.fr\/wp-content\/uploads\/2024\/11\/portait-rectangle-1692x2048.jpg 1692w, https:\/\/chamottees.fr\/wp-content\/uploads\/2024\/11\/portait-rectangle.jpg 2046w\" sizes=\"auto, (max-width: 706px) 89vw, (max-width: 767px) 82vw, 740px\" \/><\/figure>\n<\/figure>\n\n\n\n<p><\/p>\n\n\n\n<p><\/p>\n\n\n\n<p><strong>Audrey Milliot<\/strong><\/p>\n\n\n\n<p>Apr\u00e8s 10 ans en tant que monteuse vid\u00e9o pour la t\u00e9l\u00e9vision, Audrey a choisi de se reconvertir et de passer son CAP Tournage en c\u00e9ramique. Aujourd\u2019hui, Audrey souhaite partager sa passion et d\u00e9velopper la fabrication de ses&nbsp;cr\u00e9ations.&nbsp;Audrey vous accueille pour des cours de tournage et de peinture sur c\u00e9ramique.<\/p>\n\n\n\n<p>Retrouvez-la sur <a href=\"https:\/\/www.instagram.com\/l_anemone_atelierceramique\/\">https:\/\/www.instagram.com\/l_anemone_atelierceramique\/<\/a><\/p>\n\n\n\n<figure class=\"wp-block-image size-large\"><img loading=\"lazy\" decoding=\"async\" width=\"710\" height=\"1024\" src=\"https:\/\/chamottees.fr\/wp-content\/uploads\/2024\/11\/Photo_Audrey-710x1024.jpg\" alt=\"\" class=\"wp-image-227\" srcset=\"https:\/\/chamottees.fr\/wp-content\/uploads\/2024\/11\/Photo_Audrey-710x1024.jpg 710w, https:\/\/chamottees.fr\/wp-content\/uploads\/2024\/11\/Photo_Audrey-208x300.jpg 208w, https:\/\/chamottees.fr\/wp-content\/uploads\/2024\/11\/Photo_Audrey-768x1107.jpg 768w, https:\/\/chamottees.fr\/wp-content\/uploads\/2024\/11\/Photo_Audrey-1066x1536.jpg 1066w, https:\/\/chamottees.fr\/wp-content\/uploads\/2024\/11\/Photo_Audrey.jpg 1110w\" sizes=\"auto, (max-width: 710px) 100vw, 710px\" \/><\/figure>\n\n\n\n<p><\/p>\n\n\n\n<p><strong>C\u00e9cile Mignot<\/strong><\/p>\n\n\n\n<p>C\u00e9cile partage son temps entre son m\u00e9tier d&rsquo;orthophoniste et sa passion pour la c\u00e9ramique. Apr\u00e8s avoir pratiqu\u00e9 le tournage et le modelage sous la guidance de G\u00e9raldine pendant trois ans, et avoir suivi des formations compl\u00e9mentaires, elle s&rsquo;int\u00e9resse \u00e0 la recherche d&rsquo;\u00e9maux originaux pour mettre en valeur ses pi\u00e8ces r\u00e9alis\u00e9es au tournage et au modelage. C\u00e9cile vous accueille pour des cours de modelage, pour adultes et enfants.<\/p>\n\n\n\n<p>Retrouvez-la sur <a href=\"https:\/\/www.instagram.com\/cecile.mignot_ceramique\/\">https:\/\/www.instagram.com\/cecile.mignot_ceramique\/<\/a><\/p>\n\n\n\n<figure class=\"wp-block-image size-large\"><img loading=\"lazy\" decoding=\"async\" width=\"746\" height=\"1024\" src=\"http:\/\/chamottees.fr\/wp-content\/uploads\/2024\/09\/Cecile-746x1024.jpg\" alt=\"\" class=\"wp-image-67\" srcset=\"https:\/\/chamottees.fr\/wp-content\/uploads\/2024\/09\/Cecile-746x1024.jpg 746w, https:\/\/chamottees.fr\/wp-content\/uploads\/2024\/09\/Cecile-219x300.jpg 219w, https:\/\/chamottees.fr\/wp-content\/uploads\/2024\/09\/Cecile-768x1054.jpg 768w, https:\/\/chamottees.fr\/wp-content\/uploads\/2024\/09\/Cecile-1119x1536.jpg 1119w, https:\/\/chamottees.fr\/wp-content\/uploads\/2024\/09\/Cecile.jpg 1166w\" sizes=\"auto, (max-width: 706px) 89vw, (max-width: 767px) 82vw, 740px\" \/><\/figure>\n","protected":false},"excerpt":{"rendered":"<p>G\u00e9raldine Rodrigues G\u00e9raldine produit dans son atelier des pi\u00e8ces uniques en gr\u00e8s clair, en terre chamott\u00e9e, ainsi qu\u2019en porcelaine. Les arts de la table constituent sa principale source d\u2019inspiration dans cette recherche de cr\u00e9ations originales. La d\u00e9couverte de la c\u00e9ramique en cours de loisir a \u00e9t\u00e9 d\u00e9cisive. Le travail de l\u2019argile demande une grande exigence &hellip; <\/p>\n<p class=\"link-more\"><a href=\"https:\/\/chamottees.fr\/index.php\/les-ceramistes\/\" class=\"more-link\">Continuer la lecture<span class=\"screen-reader-text\"> de &laquo;&nbsp;Les C\u00e9ramistes&nbsp;&raquo;<\/span><\/a><\/p>\n","protected":false},"author":1,"featured_media":0,"parent":0,"menu_order":0,"comment_status":"closed","ping_status":"closed","template":"","meta":{"footnotes":""},"class_list":["post-157","page","type-page","status-publish","hentry"],"_links":{"self":[{"href":"https:\/\/chamottees.fr\/index.php\/wp-json\/wp\/v2\/pages\/157","targetHints":{"allow":["GET"]}}],"collection":[{"href":"https:\/\/chamottees.fr\/index.php\/wp-json\/wp\/v2\/pages"}],"about":[{"href":"https:\/\/chamottees.fr\/index.php\/wp-json\/wp\/v2\/types\/page"}],"author":[{"embeddable":true,"href":"https:\/\/chamottees.fr\/index.php\/wp-json\/wp\/v2\/users\/1"}],"replies":[{"embeddable":true,"href":"https:\/\/chamottees.fr\/index.php\/wp-json\/wp\/v2\/comments?post=157"}],"version-history":[{"count":8,"href":"https:\/\/chamottees.fr\/index.php\/wp-json\/wp\/v2\/pages\/157\/revisions"}],"predecessor-version":[{"id":229,"href":"https:\/\/chamottees.fr\/index.php\/wp-json\/wp\/v2\/pages\/157\/revisions\/229"}],"wp:attachment":[{"href":"https:\/\/chamottees.fr\/index.php\/wp-json\/wp\/v2\/media?parent=157"}],"curies":[{"name":"wp","href":"https:\/\/api.w.org\/{rel}","templated":true}]}}